{"id":295,"date":"2022-02-04T09:41:25","date_gmt":"2022-02-04T08:41:25","guid":{"rendered":"https:\/\/mosir-sanok.pl\/?page_id=295"},"modified":"2022-02-04T09:41:26","modified_gmt":"2022-02-04T08:41:26","slug":"rodo","status":"publish","type":"page","link":"https:\/\/mosir-sanok.pl\/?page_id=295","title":{"rendered":"RODO"},"content":{"rendered":"\n<p>Szanowni Pa\u0144stwo,<\/p>\n\n\n\n<p>Informujemy, \u017ce od dnia 25 maja 2018 roku zmieni\u0142y si\u0119 zasady przetwarzania danych osobowych w zwi\u0105zku z wej\u015bciem w \u017cycie przepis\u00f3w Rozporz\u0105dzenia Parlamentu Europejskiego i Rady (UE) 2016\/679 z dnia 27 kwietnia 2016 r. w sprawie ochrony os\u00f3b fizycznych w zwi\u0105zku z przetwarzaniem danych osobowych i w sprawie swobodnego przep\u0142ywu takich danych oraz uchylenia dyrektywy 95\/46\/WE (zwanego dalej: RODO):<\/p>\n\n\n\n<p><strong>Administratorem Pa\u0144stwa<\/strong> danych osobowych jest Miejski O\u015brodek Sportu i Rekreacji w Sanoku, ul. Kr\u00f3lowej Bony 4, 38-500 Sanok.<\/p>\n\n\n\n<p><strong>Przetwarzanie Pa\u0144stwa danych osobowych<\/strong> odbywa\u0107 si\u0119 b\u0119dzie na podstawie przepis\u00f3w prawa lub na podstawie uprzednio wyra\u017conej przez Pa\u0144stwa zgody.<\/p>\n\n\n\n<p><strong>Dane w naszej instytucji<\/strong> nie b\u0119d\u0105 przetwarzane w spos\u00f3b zautomatyzowany ani nie b\u0119d\u0105 profilowane.<\/p>\n\n\n\n<p><strong>Dane osobowe<\/strong> nie b\u0119d\u0105 udost\u0119pnianie na rzecz innych podmiot\u00f3w bez uprzedniej zgody. Dane osobowe mog\u0105 by\u0107 udost\u0119pnianie podmiotom do tego upowa\u017cnionym na podstawie przepis\u00f3w prawa.<\/p>\n\n\n\n<p><strong>Dane osobowe<\/strong> nie b\u0119d\u0105 przekazywane do pa\u0144stwa trzeciego\/organizacji mi\u0119dzynarodowej. Dane osobowe b\u0119d\u0105 przechowywane przez okres niezb\u0119dny do realizacji zada\u0144 z zakresu sportu i rekreacji na obiektach sportowych b\u0119d\u0105cych w zarz\u0105dzie MOSiR Sanok oraz \u015bwiadczenie us\u0142ug w zakresie prowadzonej dzia\u0142alno\u015bci statutowej.<\/p>\n\n\n\n<p><strong>Posiadacie Pa\u0144stwo prawo<\/strong>: dost\u0119pu do tre\u015bci swoich danych oraz ich sprostowania, usuni\u0119cia, ograniczenia przetwarzania, przenoszenia danych, wniesienia sprzeciwu.<\/p>\n\n\n\n<p><strong>Wyra\u017cona zgoda<\/strong> mo\u017ce zosta\u0107 wycofana przez Pa\u0144stwa w ka\u017cdej chwili. Wycofanie zgody nie wp\u0142ynie na zgodno\u015b\u0107 z prawem przetwarzania danych osobowych, kt\u00f3rego dokonano na podstawie wyra\u017conej zgody przed jej wycofaniem. O\u015bwiadczenie o wycofaniu zgody na przetwarzanie danych osobowych nale\u017cy z\u0142o\u017cy\u0107 w siedzibie instytucji przy ul. Kr\u00f3lowej Bony 4, 38-500 Sanok<\/p>\n\n\n\n<p><strong>Inspektorem Danych Osobowych<\/strong> jest Anna Kozimor-Cyganik,<br>Kontakt do inspektora, e-mail: <strong>inspektor@mosir-sanok.pl<\/strong><\/p>\n\n\n\n<p><strong>Przys\u0142uguje Pa\u0144stwu<\/strong> prawo wniesienia skargi do Inspektora Ochrony Danych lub Prezesa Urz\u0119du Ochrony Danych Osobowych, gdy uznacie, \u017ce przetwarzanie danych osobowych, dotycz\u0105cych Pa\u0144stwa, narusza przepisy RODO.<\/p>\n\n\n\n<p><strong>Podanie danych osobowych<\/strong> jest dobrowolne, ale niezb\u0119dne dla realizacji wskazanych powy\u017cej cel\u00f3w.<\/p>\n\n\n\n<p class=\"has-text-align-right\">Z powa\u017caniem,<br>Dyrektor Miejskiego O\u015brodka Sportu i Rekreacji w Sanoku<\/p>\n","protected":false},"excerpt":{"rendered":"<p>Szanowni Pa\u0144stwo, Informujemy, \u017ce od dnia 25 maja 2018 roku zmieni\u0142y si\u0119 zasady przetwarzania danych osobowych w zwi\u0105zku z wej\u015bciem w \u017cycie przepis\u00f3w Rozporz\u0105dzenia Parlamentu Europejskiego i Rady (UE) 2016\/679 z dnia 27 kwietnia 2016 r. w sprawie ochrony os\u00f3b fizycznych w zwi\u0105zku z przetwarzaniem danych osobowych i w sprawie swobodnego przep\u0142ywu takich danych oraz&#8230;<\/p>\n","protected":false},"author":1,"featured_media":0,"parent":0,"menu_order":0,"comment_status":"closed","ping_status":"closed","template":"","meta":{"_kad_post_transparent":"","_kad_post_title":"","_kad_post_layout":"","_kad_post_sidebar_id":"","_kad_post_content_style":"","_kad_post_vertical_padding":"","_kad_post_feature":"","_kad_post_feature_position":"","_kad_post_header":false,"_kad_post_footer":false,"_kad_post_classname":"","footnotes":""},"class_list":["post-295","page","type-page","status-publish","hentry"],"yoast_head":"<!-- This site is optimized with the Yoast SEO plugin v27.4 - https:\/\/yoast.com\/product\/yoast-seo-wordpress\/ -->\n<title>RODO - Miejski O\u015brodek Sportu i Rekreacji<\/title>\n<meta name=\"description\" content=\"Opis procedury RODO, kontakt do inspektora danych osobowych\" \/>\n<meta name=\"robots\" content=\"index, follow, max-snippet:-1, max-image-preview:large, max-video-preview:-1\" \/>\n<link rel=\"canonical\" href=\"https:\/\/mosir-sanok.pl\/?page_id=295\" \/>\n<meta property=\"og:locale\" content=\"pl_PL\" \/>\n<meta property=\"og:type\" content=\"article\" \/>\n<meta property=\"og:title\" content=\"RODO - Miejski O\u015brodek Sportu i Rekreacji\" \/>\n<meta property=\"og:description\" content=\"Opis procedury RODO, kontakt do inspektora danych osobowych\" \/>\n<meta property=\"og:url\" content=\"https:\/\/mosir-sanok.pl\/?page_id=295\" \/>\n<meta property=\"og:site_name\" content=\"Miejski O\u015brodek Sportu i Rekreacji\" \/>\n<meta property=\"article:publisher\" content=\"https:\/\/pl-pl.facebook.com\/MOSiRwSANOKU\/\" \/>\n<meta property=\"article:modified_time\" content=\"2022-02-04T08:41:26+00:00\" \/>\n<meta name=\"twitter:card\" content=\"summary_large_image\" \/>\n<meta name=\"twitter:site\" content=\"@mosir_sanok\" \/>\n<meta name=\"twitter:label1\" content=\"Szacowany czas czytania\" \/>\n\t<meta name=\"twitter:data1\" content=\"2 minuty\" \/>\n<script type=\"application\/ld+json\" class=\"yoast-schema-graph\">{\"@context\":\"https:\\\/\\\/schema.org\",\"@graph\":[{\"@type\":\"WebPage\",\"@id\":\"https:\\\/\\\/mosir-sanok.pl\\\/?page_id=295\",\"url\":\"https:\\\/\\\/mosir-sanok.pl\\\/?page_id=295\",\"name\":\"RODO - Miejski O\u015brodek Sportu i Rekreacji\",\"isPartOf\":{\"@id\":\"https:\\\/\\\/mosir-sanok.pl\\\/#website\"},\"datePublished\":\"2022-02-04T08:41:25+00:00\",\"dateModified\":\"2022-02-04T08:41:26+00:00\",\"description\":\"Opis procedury RODO, kontakt do inspektora danych osobowych\",\"breadcrumb\":{\"@id\":\"https:\\\/\\\/mosir-sanok.pl\\\/?page_id=295#breadcrumb\"},\"inLanguage\":\"pl-PL\",\"potentialAction\":[{\"@type\":\"ReadAction\",\"target\":[\"https:\\\/\\\/mosir-sanok.pl\\\/?page_id=295\"]}]},{\"@type\":\"BreadcrumbList\",\"@id\":\"https:\\\/\\\/mosir-sanok.pl\\\/?page_id=295#breadcrumb\",\"itemListElement\":[{\"@type\":\"ListItem\",\"position\":1,\"name\":\"Home\",\"item\":\"https:\\\/\\\/mosir-sanok.pl\\\/\"},{\"@type\":\"ListItem\",\"position\":2,\"name\":\"RODO\"}]},{\"@type\":\"WebSite\",\"@id\":\"https:\\\/\\\/mosir-sanok.pl\\\/#website\",\"url\":\"https:\\\/\\\/mosir-sanok.pl\\\/\",\"name\":\"MOSiR Sanok\",\"description\":\"w Sanoku\",\"publisher\":{\"@id\":\"https:\\\/\\\/mosir-sanok.pl\\\/#organization\"},\"potentialAction\":[{\"@type\":\"SearchAction\",\"target\":{\"@type\":\"EntryPoint\",\"urlTemplate\":\"https:\\\/\\\/mosir-sanok.pl\\\/?s={search_term_string}\"},\"query-input\":{\"@type\":\"PropertyValueSpecification\",\"valueRequired\":true,\"valueName\":\"search_term_string\"}}],\"inLanguage\":\"pl-PL\"},{\"@type\":\"Organization\",\"@id\":\"https:\\\/\\\/mosir-sanok.pl\\\/#organization\",\"name\":\"Miejski O\u015brodek Sportu i Rekreacji\",\"url\":\"https:\\\/\\\/mosir-sanok.pl\\\/\",\"logo\":{\"@type\":\"ImageObject\",\"inLanguage\":\"pl-PL\",\"@id\":\"https:\\\/\\\/mosir-sanok.pl\\\/#\\\/schema\\\/logo\\\/image\\\/\",\"url\":\"http:\\\/\\\/test.mosir-sanok.pl\\\/wp-content\\\/uploads\\\/2021\\\/11\\\/logo_biale.png\",\"contentUrl\":\"http:\\\/\\\/test.mosir-sanok.pl\\\/wp-content\\\/uploads\\\/2021\\\/11\\\/logo_biale.png\",\"width\":226,\"height\":90,\"caption\":\"Miejski O\u015brodek Sportu i Rekreacji\"},\"image\":{\"@id\":\"https:\\\/\\\/mosir-sanok.pl\\\/#\\\/schema\\\/logo\\\/image\\\/\"},\"sameAs\":[\"https:\\\/\\\/pl-pl.facebook.com\\\/MOSiRwSANOKU\\\/\",\"https:\\\/\\\/x.com\\\/mosir_sanok\",\"https:\\\/\\\/www.instagram.com\\\/mosirsanok\\\/?hl=pl\"]}]}<\/script>\n<!-- \/ Yoast SEO plugin. -->","yoast_head_json":{"title":"RODO - Miejski O\u015brodek Sportu i Rekreacji","description":"Opis procedury RODO, kontakt do inspektora danych osobowych","robots":{"index":"index","follow":"follow","max-snippet":"max-snippet:-1","max-image-preview":"max-image-preview:large","max-video-preview":"max-video-preview:-1"},"canonical":"https:\/\/mosir-sanok.pl\/?page_id=295","og_locale":"pl_PL","og_type":"article","og_title":"RODO - Miejski O\u015brodek Sportu i Rekreacji","og_description":"Opis procedury RODO, kontakt do inspektora danych osobowych","og_url":"https:\/\/mosir-sanok.pl\/?page_id=295","og_site_name":"Miejski O\u015brodek Sportu i Rekreacji","article_publisher":"https:\/\/pl-pl.facebook.com\/MOSiRwSANOKU\/","article_modified_time":"2022-02-04T08:41:26+00:00","twitter_card":"summary_large_image","twitter_site":"@mosir_sanok","twitter_misc":{"Szacowany czas czytania":"2 minuty"},"schema":{"@context":"https:\/\/schema.org","@graph":[{"@type":"WebPage","@id":"https:\/\/mosir-sanok.pl\/?page_id=295","url":"https:\/\/mosir-sanok.pl\/?page_id=295","name":"RODO - Miejski O\u015brodek Sportu i Rekreacji","isPartOf":{"@id":"https:\/\/mosir-sanok.pl\/#website"},"datePublished":"2022-02-04T08:41:25+00:00","dateModified":"2022-02-04T08:41:26+00:00","description":"Opis procedury RODO, kontakt do inspektora danych osobowych","breadcrumb":{"@id":"https:\/\/mosir-sanok.pl\/?page_id=295#breadcrumb"},"inLanguage":"pl-PL","potentialAction":[{"@type":"ReadAction","target":["https:\/\/mosir-sanok.pl\/?page_id=295"]}]},{"@type":"BreadcrumbList","@id":"https:\/\/mosir-sanok.pl\/?page_id=295#breadcrumb","itemListElement":[{"@type":"ListItem","position":1,"name":"Home","item":"https:\/\/mosir-sanok.pl\/"},{"@type":"ListItem","position":2,"name":"RODO"}]},{"@type":"WebSite","@id":"https:\/\/mosir-sanok.pl\/#website","url":"https:\/\/mosir-sanok.pl\/","name":"MOSiR Sanok","description":"w Sanoku","publisher":{"@id":"https:\/\/mosir-sanok.pl\/#organization"},"potentialAction":[{"@type":"SearchAction","target":{"@type":"EntryPoint","urlTemplate":"https:\/\/mosir-sanok.pl\/?s={search_term_string}"},"query-input":{"@type":"PropertyValueSpecification","valueRequired":true,"valueName":"search_term_string"}}],"inLanguage":"pl-PL"},{"@type":"Organization","@id":"https:\/\/mosir-sanok.pl\/#organization","name":"Miejski O\u015brodek Sportu i Rekreacji","url":"https:\/\/mosir-sanok.pl\/","logo":{"@type":"ImageObject","inLanguage":"pl-PL","@id":"https:\/\/mosir-sanok.pl\/#\/schema\/logo\/image\/","url":"http:\/\/test.mosir-sanok.pl\/wp-content\/uploads\/2021\/11\/logo_biale.png","contentUrl":"http:\/\/test.mosir-sanok.pl\/wp-content\/uploads\/2021\/11\/logo_biale.png","width":226,"height":90,"caption":"Miejski O\u015brodek Sportu i Rekreacji"},"image":{"@id":"https:\/\/mosir-sanok.pl\/#\/schema\/logo\/image\/"},"sameAs":["https:\/\/pl-pl.facebook.com\/MOSiRwSANOKU\/","https:\/\/x.com\/mosir_sanok","https:\/\/www.instagram.com\/mosirsanok\/?hl=pl"]}]}},"_links":{"self":[{"href":"https:\/\/mosir-sanok.pl\/index.php?rest_route=\/wp\/v2\/pages\/295","targetHints":{"allow":["GET"]}}],"collection":[{"href":"https:\/\/mosir-sanok.pl\/index.php?rest_route=\/wp\/v2\/pages"}],"about":[{"href":"https:\/\/mosir-sanok.pl\/index.php?rest_route=\/wp\/v2\/types\/page"}],"author":[{"embeddable":true,"href":"https:\/\/mosir-sanok.pl\/index.php?rest_route=\/wp\/v2\/users\/1"}],"replies":[{"embeddable":true,"href":"https:\/\/mosir-sanok.pl\/index.php?rest_route=%2Fwp%2Fv2%2Fcomments&post=295"}],"version-history":[{"count":1,"href":"https:\/\/mosir-sanok.pl\/index.php?rest_route=\/wp\/v2\/pages\/295\/revisions"}],"predecessor-version":[{"id":296,"href":"https:\/\/mosir-sanok.pl\/index.php?rest_route=\/wp\/v2\/pages\/295\/revisions\/296"}],"wp:attachment":[{"href":"https:\/\/mosir-sanok.pl\/index.php?rest_route=%2Fwp%2Fv2%2Fmedia&parent=295"}],"curies":[{"name":"wp","href":"https:\/\/api.w.org\/{rel}","templated":true}]}}