{"id":100,"date":"2021-12-23T08:31:24","date_gmt":"2021-12-23T07:31:24","guid":{"rendered":"https:\/\/mosir-sanok.pl\/?page_id=100"},"modified":"2023-09-18T13:57:30","modified_gmt":"2023-09-18T11:57:30","slug":"kontakt","status":"publish","type":"page","link":"https:\/\/mosir-sanok.pl\/?page_id=100","title":{"rendered":"Kontakt"},"content":{"rendered":"\n<p class=\"has-text-align-center\"><strong>Gmina Miasta Sanoka<\/strong><br>ul. Rynek 1<br>38-500 Sanok<br>NIP 6871787673<br>REGON 370440710<br><strong>Miejski O\u015brodek Sportu i Rekreacji w Sanoku<\/strong><br>ul. Kr\u00f3lowej Bony 4<br>38-500 Sanok<br>REGON 000659012<\/p>\n\n\n\n<hr class=\"wp-block-separator has-css-opacity is-style-wide\"\/>\n\n\n\n<p class=\"has-text-align-center\"><br><strong>Sekretariat<\/strong><br>tel. 13 46 59 117<br>email: sekretariat@mosir-sanok.pl<\/p>\n\n\n\n<hr class=\"wp-block-separator aligncenter has-css-opacity is-style-default\"\/>\n\n\n\n<p class=\"has-text-align-center\"><strong>Noclegi \u201eDom Sportowca\u201d<\/strong><br>Recepcja<br>tel.\u00a013 46 59 111<br>email: rezerwacje@mosir-sanok.pl<\/p>\n\n\n\n<hr class=\"wp-block-separator aligncenter has-css-opacity\"\/>\n\n\n\n<p class=\"has-text-align-center\"><strong>Centrum Rekreacji i Sportu<\/strong><br>Basen wewn\u0119trzny<br>tel. 13 46 59 140<br>tel. 13 46 59 141<\/p>\n\n\n\n<hr class=\"wp-block-separator aligncenter has-css-opacity\"\/>\n\n\n\n<p class=\"has-text-align-center\"><strong>Obs\u0142uga Obiekt\u00f3w Sportowych<\/strong><br>Tor Lodowy &#8222;B\u0142onie&#8221;, Korty Tenisowe, Stadion Sportowy &#8222;Wierchy&#8221;, Hala Widowiskowo Sportowa &#8222;Arena Sanok&#8221;<br>tel.\u00a013 46 59 119<\/p>\n\n\n\n<hr class=\"wp-block-separator aligncenter has-css-opacity\"\/>\n\n\n\n<p class=\"has-text-align-center\"><strong>Ksi\u0119gowo\u015b\u0107<\/strong><br>tel. 13 46 59 118<br>tel. 13 46 59 129<\/p>\n\n\n\n<hr class=\"wp-block-separator aligncenter has-css-opacity\"\/>\n\n\n\n<p class=\"has-text-align-center\"><strong>Promocja i Marketing<\/strong><br>tel. 13 46 59 149<\/p>\n\n\n\n<hr class=\"wp-block-separator aligncenter has-css-opacity\"\/>\n\n\n\n<p class=\"has-text-align-center\"><strong>Sprzeda\u017c us\u0142ug<\/strong><br>tel. 13 46 59 121<\/p>\n\n\n\n<hr class=\"wp-block-separator aligncenter has-css-opacity\"\/>\n\n\n\n<p class=\"has-text-align-center\"><strong>Kadry i Administracja<\/strong><br>tel. 13 46 59 133<\/p>\n","protected":false},"excerpt":{"rendered":"<p>Gmina Miasta Sanokaul. Rynek 138-500 SanokNIP 6871787673REGON 370440710Miejski O\u015brodek Sportu i Rekreacji w Sanokuul. Kr\u00f3lowej Bony 438-500 SanokREGON 000659012 Sekretariattel. 13 46 59 117email: sekretariat@mosir-sanok.pl Noclegi \u201eDom Sportowca\u201dRecepcjatel.\u00a013 46 59 111email: rezerwacje@mosir-sanok.pl Centrum Rekreacji i SportuBasen wewn\u0119trznytel. 13 46 59 140tel. 13 46 59 141 Obs\u0142uga Obiekt\u00f3w SportowychTor Lodowy &#8222;B\u0142onie&#8221;, Korty Tenisowe, Stadion Sportowy &#8222;Wierchy&#8221;,&#8230;<\/p>\n","protected":false},"author":1,"featured_media":0,"parent":0,"menu_order":0,"comment_status":"closed","ping_status":"closed","template":"","meta":{"_kad_post_transparent":"","_kad_post_title":"","_kad_post_layout":"","_kad_post_sidebar_id":"","_kad_post_content_style":"","_kad_post_vertical_padding":"","_kad_post_feature":"","_kad_post_feature_position":"","_kad_post_header":false,"_kad_post_footer":false,"_kad_post_classname":"","footnotes":""},"class_list":["post-100","page","type-page","status-publish","hentry"],"yoast_head":"<!-- This site is optimized with the Yoast SEO plugin v27.4 - https:\/\/yoast.com\/product\/yoast-seo-wordpress\/ -->\n<title>Kontakt - Miejski O\u015brodek Sportu i Rekreacji<\/title>\n<meta name=\"robots\" content=\"index, follow, max-snippet:-1, max-image-preview:large, max-video-preview:-1\" \/>\n<link rel=\"canonical\" href=\"https:\/\/mosir-sanok.pl\/?page_id=100\" \/>\n<meta property=\"og:locale\" content=\"pl_PL\" \/>\n<meta property=\"og:type\" content=\"article\" \/>\n<meta property=\"og:title\" content=\"Kontakt - Miejski O\u015brodek Sportu i Rekreacji\" \/>\n<meta property=\"og:description\" content=\"Gmina Miasta Sanokaul. Rynek 138-500 SanokNIP 6871787673REGON 370440710Miejski O\u015brodek Sportu i Rekreacji w Sanokuul. Kr\u00f3lowej Bony 438-500 SanokREGON 000659012 Sekretariattel. 13 46 59 117email: sekretariat@mosir-sanok.pl Noclegi \u201eDom Sportowca\u201dRecepcjatel.\u00a013 46 59 111email: rezerwacje@mosir-sanok.pl Centrum Rekreacji i SportuBasen wewn\u0119trznytel. 13 46 59 140tel. 13 46 59 141 Obs\u0142uga Obiekt\u00f3w SportowychTor Lodowy &#8222;B\u0142onie&#8221;, Korty Tenisowe, Stadion Sportowy &#8222;Wierchy&#8221;,...\" \/>\n<meta property=\"og:url\" content=\"https:\/\/mosir-sanok.pl\/?page_id=100\" \/>\n<meta property=\"og:site_name\" content=\"Miejski O\u015brodek Sportu i Rekreacji\" \/>\n<meta property=\"article:publisher\" content=\"https:\/\/pl-pl.facebook.com\/MOSiRwSANOKU\/\" \/>\n<meta property=\"article:modified_time\" content=\"2023-09-18T11:57:30+00:00\" \/>\n<meta name=\"twitter:card\" content=\"summary_large_image\" \/>\n<meta name=\"twitter:site\" content=\"@mosir_sanok\" \/>\n<meta name=\"twitter:label1\" content=\"Szacowany czas czytania\" \/>\n\t<meta name=\"twitter:data1\" content=\"1 minuta\" \/>\n<script type=\"application\/ld+json\" class=\"yoast-schema-graph\">{\"@context\":\"https:\\\/\\\/schema.org\",\"@graph\":[{\"@type\":\"WebPage\",\"@id\":\"https:\\\/\\\/mosir-sanok.pl\\\/?page_id=100\",\"url\":\"https:\\\/\\\/mosir-sanok.pl\\\/?page_id=100\",\"name\":\"Kontakt - Miejski O\u015brodek Sportu i Rekreacji\",\"isPartOf\":{\"@id\":\"https:\\\/\\\/mosir-sanok.pl\\\/#website\"},\"datePublished\":\"2021-12-23T07:31:24+00:00\",\"dateModified\":\"2023-09-18T11:57:30+00:00\",\"breadcrumb\":{\"@id\":\"https:\\\/\\\/mosir-sanok.pl\\\/?page_id=100#breadcrumb\"},\"inLanguage\":\"pl-PL\",\"potentialAction\":[{\"@type\":\"ReadAction\",\"target\":[\"https:\\\/\\\/mosir-sanok.pl\\\/?page_id=100\"]}]},{\"@type\":\"BreadcrumbList\",\"@id\":\"https:\\\/\\\/mosir-sanok.pl\\\/?page_id=100#breadcrumb\",\"itemListElement\":[{\"@type\":\"ListItem\",\"position\":1,\"name\":\"Home\",\"item\":\"https:\\\/\\\/mosir-sanok.pl\\\/\"},{\"@type\":\"ListItem\",\"position\":2,\"name\":\"Kontakt\"}]},{\"@type\":\"WebSite\",\"@id\":\"https:\\\/\\\/mosir-sanok.pl\\\/#website\",\"url\":\"https:\\\/\\\/mosir-sanok.pl\\\/\",\"name\":\"MOSiR Sanok\",\"description\":\"w Sanoku\",\"publisher\":{\"@id\":\"https:\\\/\\\/mosir-sanok.pl\\\/#organization\"},\"potentialAction\":[{\"@type\":\"SearchAction\",\"target\":{\"@type\":\"EntryPoint\",\"urlTemplate\":\"https:\\\/\\\/mosir-sanok.pl\\\/?s={search_term_string}\"},\"query-input\":{\"@type\":\"PropertyValueSpecification\",\"valueRequired\":true,\"valueName\":\"search_term_string\"}}],\"inLanguage\":\"pl-PL\"},{\"@type\":\"Organization\",\"@id\":\"https:\\\/\\\/mosir-sanok.pl\\\/#organization\",\"name\":\"Miejski O\u015brodek Sportu i Rekreacji\",\"url\":\"https:\\\/\\\/mosir-sanok.pl\\\/\",\"logo\":{\"@type\":\"ImageObject\",\"inLanguage\":\"pl-PL\",\"@id\":\"https:\\\/\\\/mosir-sanok.pl\\\/#\\\/schema\\\/logo\\\/image\\\/\",\"url\":\"http:\\\/\\\/test.mosir-sanok.pl\\\/wp-content\\\/uploads\\\/2021\\\/11\\\/logo_biale.png\",\"contentUrl\":\"http:\\\/\\\/test.mosir-sanok.pl\\\/wp-content\\\/uploads\\\/2021\\\/11\\\/logo_biale.png\",\"width\":226,\"height\":90,\"caption\":\"Miejski O\u015brodek Sportu i Rekreacji\"},\"image\":{\"@id\":\"https:\\\/\\\/mosir-sanok.pl\\\/#\\\/schema\\\/logo\\\/image\\\/\"},\"sameAs\":[\"https:\\\/\\\/pl-pl.facebook.com\\\/MOSiRwSANOKU\\\/\",\"https:\\\/\\\/x.com\\\/mosir_sanok\",\"https:\\\/\\\/www.instagram.com\\\/mosirsanok\\\/?hl=pl\"]}]}<\/script>\n<!-- \/ Yoast SEO plugin. -->","yoast_head_json":{"title":"Kontakt - Miejski O\u015brodek Sportu i Rekreacji","robots":{"index":"index","follow":"follow","max-snippet":"max-snippet:-1","max-image-preview":"max-image-preview:large","max-video-preview":"max-video-preview:-1"},"canonical":"https:\/\/mosir-sanok.pl\/?page_id=100","og_locale":"pl_PL","og_type":"article","og_title":"Kontakt - Miejski O\u015brodek Sportu i Rekreacji","og_description":"Gmina Miasta Sanokaul. Rynek 138-500 SanokNIP 6871787673REGON 370440710Miejski O\u015brodek Sportu i Rekreacji w Sanokuul. Kr\u00f3lowej Bony 438-500 SanokREGON 000659012 Sekretariattel. 13 46 59 117email: sekretariat@mosir-sanok.pl Noclegi \u201eDom Sportowca\u201dRecepcjatel.\u00a013 46 59 111email: rezerwacje@mosir-sanok.pl Centrum Rekreacji i SportuBasen wewn\u0119trznytel. 13 46 59 140tel. 13 46 59 141 Obs\u0142uga Obiekt\u00f3w SportowychTor Lodowy &#8222;B\u0142onie&#8221;, Korty Tenisowe, Stadion Sportowy &#8222;Wierchy&#8221;,...","og_url":"https:\/\/mosir-sanok.pl\/?page_id=100","og_site_name":"Miejski O\u015brodek Sportu i Rekreacji","article_publisher":"https:\/\/pl-pl.facebook.com\/MOSiRwSANOKU\/","article_modified_time":"2023-09-18T11:57:30+00:00","twitter_card":"summary_large_image","twitter_site":"@mosir_sanok","twitter_misc":{"Szacowany czas czytania":"1 minuta"},"schema":{"@context":"https:\/\/schema.org","@graph":[{"@type":"WebPage","@id":"https:\/\/mosir-sanok.pl\/?page_id=100","url":"https:\/\/mosir-sanok.pl\/?page_id=100","name":"Kontakt - Miejski O\u015brodek Sportu i Rekreacji","isPartOf":{"@id":"https:\/\/mosir-sanok.pl\/#website"},"datePublished":"2021-12-23T07:31:24+00:00","dateModified":"2023-09-18T11:57:30+00:00","breadcrumb":{"@id":"https:\/\/mosir-sanok.pl\/?page_id=100#breadcrumb"},"inLanguage":"pl-PL","potentialAction":[{"@type":"ReadAction","target":["https:\/\/mosir-sanok.pl\/?page_id=100"]}]},{"@type":"BreadcrumbList","@id":"https:\/\/mosir-sanok.pl\/?page_id=100#breadcrumb","itemListElement":[{"@type":"ListItem","position":1,"name":"Home","item":"https:\/\/mosir-sanok.pl\/"},{"@type":"ListItem","position":2,"name":"Kontakt"}]},{"@type":"WebSite","@id":"https:\/\/mosir-sanok.pl\/#website","url":"https:\/\/mosir-sanok.pl\/","name":"MOSiR Sanok","description":"w Sanoku","publisher":{"@id":"https:\/\/mosir-sanok.pl\/#organization"},"potentialAction":[{"@type":"SearchAction","target":{"@type":"EntryPoint","urlTemplate":"https:\/\/mosir-sanok.pl\/?s={search_term_string}"},"query-input":{"@type":"PropertyValueSpecification","valueRequired":true,"valueName":"search_term_string"}}],"inLanguage":"pl-PL"},{"@type":"Organization","@id":"https:\/\/mosir-sanok.pl\/#organization","name":"Miejski O\u015brodek Sportu i Rekreacji","url":"https:\/\/mosir-sanok.pl\/","logo":{"@type":"ImageObject","inLanguage":"pl-PL","@id":"https:\/\/mosir-sanok.pl\/#\/schema\/logo\/image\/","url":"http:\/\/test.mosir-sanok.pl\/wp-content\/uploads\/2021\/11\/logo_biale.png","contentUrl":"http:\/\/test.mosir-sanok.pl\/wp-content\/uploads\/2021\/11\/logo_biale.png","width":226,"height":90,"caption":"Miejski O\u015brodek Sportu i Rekreacji"},"image":{"@id":"https:\/\/mosir-sanok.pl\/#\/schema\/logo\/image\/"},"sameAs":["https:\/\/pl-pl.facebook.com\/MOSiRwSANOKU\/","https:\/\/x.com\/mosir_sanok","https:\/\/www.instagram.com\/mosirsanok\/?hl=pl"]}]}},"_links":{"self":[{"href":"https:\/\/mosir-sanok.pl\/index.php?rest_route=\/wp\/v2\/pages\/100","targetHints":{"allow":["GET"]}}],"collection":[{"href":"https:\/\/mosir-sanok.pl\/index.php?rest_route=\/wp\/v2\/pages"}],"about":[{"href":"https:\/\/mosir-sanok.pl\/index.php?rest_route=\/wp\/v2\/types\/page"}],"author":[{"embeddable":true,"href":"https:\/\/mosir-sanok.pl\/index.php?rest_route=\/wp\/v2\/users\/1"}],"replies":[{"embeddable":true,"href":"https:\/\/mosir-sanok.pl\/index.php?rest_route=%2Fwp%2Fv2%2Fcomments&post=100"}],"version-history":[{"count":13,"href":"https:\/\/mosir-sanok.pl\/index.php?rest_route=\/wp\/v2\/pages\/100\/revisions"}],"predecessor-version":[{"id":1426,"href":"https:\/\/mosir-sanok.pl\/index.php?rest_route=\/wp\/v2\/pages\/100\/revisions\/1426"}],"wp:attachment":[{"href":"https:\/\/mosir-sanok.pl\/index.php?rest_route=%2Fwp%2Fv2%2Fmedia&parent=100"}],"curies":[{"name":"wp","href":"https:\/\/api.w.org\/{rel}","templated":true}]}}